{"id":8,"date":"2026-03-01T14:57:38","date_gmt":"2026-03-01T14:57:38","guid":{"rendered":"https:\/\/primerisimo.es\/?page_id=8"},"modified":"2026-04-02T12:09:35","modified_gmt":"2026-04-02T12:09:35","slug":"inteligencia-comercial-empresas-construccion-ingenieria","status":"publish","type":"page","link":"https:\/\/primerisimo.es\/","title":{"rendered":"Primer\u00edsimo &#8211; Inteligencia estrat\u00e9gica y comercial para empresas de construcci\u00f3n e ingenier\u00edas"},"content":{"rendered":"\n\n\n\n\n\n\n\n\n\n\n\n\n\n\n\n\n\n\n\n\n\n\n\n\n\n\n\n\n\n","protected":false},"excerpt":{"rendered":"","protected":false},"author":1,"featured_media":0,"parent":0,"menu_order":0,"comment_status":"closed","ping_status":"closed","template":"","meta":{"footnotes":""},"class_list":["post-8","page","type-page","status-publish","hentry"],"_links":{"self":[{"href":"https:\/\/primerisimo.es\/index.php?rest_route=\/wp\/v2\/pages\/8","targetHints":{"allow":["GET"]}}],"collection":[{"href":"https:\/\/primerisimo.es\/index.php?rest_route=\/wp\/v2\/pages"}],"about":[{"href":"https:\/\/primerisimo.es\/index.php?rest_route=\/wp\/v2\/types\/page"}],"author":[{"embeddable":true,"href":"https:\/\/primerisimo.es\/index.php?rest_route=\/wp\/v2\/users\/1"}],"replies":[{"embeddable":true,"href":"https:\/\/primerisimo.es\/index.php?rest_route=%2Fwp%2Fv2%2Fcomments&post=8"}],"version-history":[{"count":30,"href":"https:\/\/primerisimo.es\/index.php?rest_route=\/wp\/v2\/pages\/8\/revisions"}],"predecessor-version":[{"id":60,"href":"https:\/\/primerisimo.es\/index.php?rest_route=\/wp\/v2\/pages\/8\/revisions\/60"}],"wp:attachment":[{"href":"https:\/\/primerisimo.es\/index.php?rest_route=%2Fwp%2Fv2%2Fmedia&parent=8"}],"curies":[{"name":"wp","href":"https:\/\/api.w.org\/{rel}","templated":true}]}}